{"id":40,"date":"2017-05-19T10:22:02","date_gmt":"2017-05-19T10:22:02","guid":{"rendered":"http:\/\/xn--kppers-transporte-22b.de\/?page_id=40"},"modified":"2022-08-15T10:44:51","modified_gmt":"2022-08-15T10:44:51","slug":"ueber-uns","status":"publish","type":"page","link":"http:\/\/xn--kppers-transporte-22b.de\/","title":{"rendered":"\u00dcber Uns"},"content":{"rendered":"<p><strong>Wie alles begann\u2026<\/strong><\/p>\n<p>Ein Mann\u2026.<\/p>\n<p><img decoding=\"async\" loading=\"lazy\" src=\"http:\/\/xn--kppers-transporte-22b.de\/wp-content\/uploads\/2022\/08\/img_4792.jpg\" class=\"alignleft size-medium wp-image-244\" width=\"1573\" height=\"2411\" srcset=\"http:\/\/xn--kppers-transporte-22b.de\/wp-content\/uploads\/2022\/08\/img_4792.jpg 1573w, http:\/\/xn--kppers-transporte-22b.de\/wp-content\/uploads\/2022\/08\/img_4792-196x300.jpg 196w, http:\/\/xn--kppers-transporte-22b.de\/wp-content\/uploads\/2022\/08\/img_4792-668x1024.jpg 668w, http:\/\/xn--kppers-transporte-22b.de\/wp-content\/uploads\/2022\/08\/img_4792-768x1177.jpg 768w, http:\/\/xn--kppers-transporte-22b.de\/wp-content\/uploads\/2022\/08\/img_4792-1002x1536.jpg 1002w, http:\/\/xn--kppers-transporte-22b.de\/wp-content\/uploads\/2022\/08\/img_4792-1336x2048.jpg 1336w\" sizes=\"(max-width: 767px) 89vw, (max-width: 1000px) 54vw, (max-width: 1071px) 543px, 580px\" \/><\/p>\n<p>Ein LKW&#8230;<\/p>\n<p><img decoding=\"async\" loading=\"lazy\" src=\"http:\/\/xn--kppers-transporte-22b.de\/wp-content\/uploads\/2022\/08\/img_4790-scaled.jpg\" class=\"size-medium wp-image-245\" width=\"1703\" height=\"2560\" srcset=\"http:\/\/xn--kppers-transporte-22b.de\/wp-content\/uploads\/2022\/08\/img_4790-scaled.jpg 1703w, http:\/\/xn--kppers-transporte-22b.de\/wp-content\/uploads\/2022\/08\/img_4790-200x300.jpg 200w, http:\/\/xn--kppers-transporte-22b.de\/wp-content\/uploads\/2022\/08\/img_4790-681x1024.jpg 681w, http:\/\/xn--kppers-transporte-22b.de\/wp-content\/uploads\/2022\/08\/img_4790-768x1154.jpg 768w, http:\/\/xn--kppers-transporte-22b.de\/wp-content\/uploads\/2022\/08\/img_4790-1022x1536.jpg 1022w, http:\/\/xn--kppers-transporte-22b.de\/wp-content\/uploads\/2022\/08\/img_4790-1363x2048.jpg 1363w\" sizes=\"(max-width: 767px) 89vw, (max-width: 1000px) 54vw, (max-width: 1071px) 543px, 580px\" \/><\/p>\n<p>seit \u00fcber 25 Jahren bewegen wir nun Niederrhein und Umgebung mit ma\u00dfgeschneiderten L\u00f6sungen.<\/p>\n<p>Inhabergef\u00fchrt, unabh\u00e4ngig, pers\u00f6nlich.<\/p>\n<p>Als Spedition bringen wir ihre Waren immer sicher, flexibel und p\u00fcnktlich an Ort und Stelle.<\/p>\n<p>&nbsp;<\/p>\n","protected":false},"excerpt":{"rendered":"<p>Wie alles begann\u2026 Ein Mann\u2026. Ein LKW&#8230; seit \u00fcber 25 Jahren bewegen wir nun Niederrhein und Umgebung mit ma\u00dfgeschneiderten L\u00f6sungen. Inhabergef\u00fchrt, unabh\u00e4ngig, pers\u00f6nlich. Als Spedition bringen wir ihre Waren immer sicher, flexibel und p\u00fcnktlich an Ort und Stelle. &nbsp;<\/p>\n","protected":false},"author":1,"featured_media":137,"parent":0,"menu_order":0,"comment_status":"closed","ping_status":"closed","template":"","meta":[],"_links":{"self":[{"href":"http:\/\/xn--kppers-transporte-22b.de\/index.php?rest_route=\/wp\/v2\/pages\/40"}],"collection":[{"href":"http:\/\/xn--kppers-transporte-22b.de\/index.php?rest_route=\/wp\/v2\/pages"}],"about":[{"href":"http:\/\/xn--kppers-transporte-22b.de\/index.php?rest_route=\/wp\/v2\/types\/page"}],"author":[{"embeddable":true,"href":"http:\/\/xn--kppers-transporte-22b.de\/index.php?rest_route=\/wp\/v2\/users\/1"}],"replies":[{"embeddable":true,"href":"http:\/\/xn--kppers-transporte-22b.de\/index.php?rest_route=%2Fwp%2Fv2%2Fcomments&post=40"}],"version-history":[{"count":11,"href":"http:\/\/xn--kppers-transporte-22b.de\/index.php?rest_route=\/wp\/v2\/pages\/40\/revisions"}],"predecessor-version":[{"id":246,"href":"http:\/\/xn--kppers-transporte-22b.de\/index.php?rest_route=\/wp\/v2\/pages\/40\/revisions\/246"}],"wp:featuredmedia":[{"embeddable":true,"href":"http:\/\/xn--kppers-transporte-22b.de\/index.php?rest_route=\/wp\/v2\/media\/137"}],"wp:attachment":[{"href":"http:\/\/xn--kppers-transporte-22b.de\/index.php?rest_route=%2Fwp%2Fv2%2Fmedia&parent=40"}],"curies":[{"name":"wp","href":"https:\/\/api.w.org\/{rel}","templated":true}]}}